{"id":50515,"date":"2025-08-28T11:06:09","date_gmt":"2025-08-28T11:06:09","guid":{"rendered":"https:\/\/newvt.verticaltechnik.ch\/product\/urban-shelby\/"},"modified":"2025-08-28T11:06:09","modified_gmt":"2025-08-28T11:06:09","slug":"urban-shelby","status":"publish","type":"product","link":"https:\/\/verticaltechnik.ch\/it\/prodotto\/urban-shelby\/","title":{"rendered":"URBAN SHELBY"},"content":{"rendered":"<p>L&#8217;URBAN SHELBY \u00e8 il percorso circolare pi\u00f9 piccolo. Piccolo ma d&#8217;effetto! <\/p>\n<p>L&#8217;Urban Edition in cemento con una carreggiata extra larga di 1,4 m \u00e8 particolarmente robusta e durevole. Questa variante viene integrata a filo e in modo permanente nel sottosuolo oppure posizionata sull&#8217;area libera. <\/p>\n","protected":false},"excerpt":{"rendered":"<p>L&#8217;URBAN SHELBY \u00e8 il percorso circolare pi\u00f9 piccolo. Piccolo ma d&#8217;effetto! L&#8217;Urban Edition in cemento con una carreggiata extra larga di 1,4 m \u00e8 particolarmente robusta e durevole. Questa variante&#8230;<\/p>\n","protected":false},"featured_media":47560,"template":"","meta":[],"product_brand":[],"product_cat":[12035],"product_tag":[],"class_list":{"0":"post-50515","1":"product","2":"type-product","3":"status-publish","4":"has-post-thumbnail","6":"product_cat-edizione-urban","8":"first","9":"instock","10":"shipping-taxable","11":"purchasable","12":"product-type-simple"},"_links":{"self":[{"href":"https:\/\/verticaltechnik.ch\/it\/wp-json\/wp\/v2\/product\/50515","targetHints":{"allow":["GET"]}}],"collection":[{"href":"https:\/\/verticaltechnik.ch\/it\/wp-json\/wp\/v2\/product"}],"about":[{"href":"https:\/\/verticaltechnik.ch\/it\/wp-json\/wp\/v2\/types\/product"}],"wp:featuredmedia":[{"embeddable":true,"href":"https:\/\/verticaltechnik.ch\/it\/wp-json\/wp\/v2\/media\/47560"}],"wp:attachment":[{"href":"https:\/\/verticaltechnik.ch\/it\/wp-json\/wp\/v2\/media?parent=50515"}],"wp:term":[{"taxonomy":"product_brand","embeddable":true,"href":"https:\/\/verticaltechnik.ch\/it\/wp-json\/wp\/v2\/product_brand?post=50515"},{"taxonomy":"product_cat","embeddable":true,"href":"https:\/\/verticaltechnik.ch\/it\/wp-json\/wp\/v2\/product_cat?post=50515"},{"taxonomy":"product_tag","embeddable":true,"href":"https:\/\/verticaltechnik.ch\/it\/wp-json\/wp\/v2\/product_tag?post=50515"}],"curies":[{"name":"wp","href":"https:\/\/api.w.org\/{rel}","templated":true}]}}