{"id":50528,"date":"2025-08-28T11:05:01","date_gmt":"2025-08-28T11:05:01","guid":{"rendered":"https:\/\/newvt.verticaltechnik.ch\/product\/park-icon\/"},"modified":"2025-08-28T11:05:01","modified_gmt":"2025-08-28T11:05:01","slug":"park-icon","status":"publish","type":"product","link":"https:\/\/verticaltechnik.ch\/it\/prodotto\/park-icon\/","title":{"rendered":"PARK ICON"},"content":{"rendered":"<p>La noia \u00e8 acqua passata! Il layout promette variet\u00e0 in ogni curva! <\/p>\n<p>La Park Edition in VETRORESINA, con la sua carreggiata extra larga, garantisce un divertimento ancora pi\u00f9 veloce e, allo stesso tempo, la massima sicurezza sul Modular Pumptrack. Preferibile per l&#8217;uso permanente, ma possibile anche in modo limitato in versione mobile! <\/p>\n","protected":false},"excerpt":{"rendered":"<p>La noia \u00e8 acqua passata! Il layout promette variet\u00e0 in ogni curva! La Park Edition in VETRORESINA, con la sua carreggiata extra larga, garantisce un divertimento ancora pi\u00f9 veloce e,&#8230;<\/p>\n","protected":false},"featured_media":47412,"template":"","meta":[],"product_brand":[],"product_cat":[12038],"product_tag":[],"class_list":{"0":"post-50528","1":"product","2":"type-product","3":"status-publish","4":"has-post-thumbnail","6":"product_cat-park-edition","8":"first","9":"instock","10":"shipping-taxable","11":"purchasable","12":"product-type-simple"},"_links":{"self":[{"href":"https:\/\/verticaltechnik.ch\/it\/wp-json\/wp\/v2\/product\/50528","targetHints":{"allow":["GET"]}}],"collection":[{"href":"https:\/\/verticaltechnik.ch\/it\/wp-json\/wp\/v2\/product"}],"about":[{"href":"https:\/\/verticaltechnik.ch\/it\/wp-json\/wp\/v2\/types\/product"}],"wp:featuredmedia":[{"embeddable":true,"href":"https:\/\/verticaltechnik.ch\/it\/wp-json\/wp\/v2\/media\/47412"}],"wp:attachment":[{"href":"https:\/\/verticaltechnik.ch\/it\/wp-json\/wp\/v2\/media?parent=50528"}],"wp:term":[{"taxonomy":"product_brand","embeddable":true,"href":"https:\/\/verticaltechnik.ch\/it\/wp-json\/wp\/v2\/product_brand?post=50528"},{"taxonomy":"product_cat","embeddable":true,"href":"https:\/\/verticaltechnik.ch\/it\/wp-json\/wp\/v2\/product_cat?post=50528"},{"taxonomy":"product_tag","embeddable":true,"href":"https:\/\/verticaltechnik.ch\/it\/wp-json\/wp\/v2\/product_tag?post=50528"}],"curies":[{"name":"wp","href":"https:\/\/api.w.org\/{rel}","templated":true}]}}