{"id":50654,"date":"2025-08-28T11:01:57","date_gmt":"2025-08-28T11:01:57","guid":{"rendered":"https:\/\/newvt.verticaltechnik.ch\/product\/classic-ranch\/"},"modified":"2025-08-28T11:01:57","modified_gmt":"2025-08-28T11:01:57","slug":"classic-ranch","status":"publish","type":"product","link":"https:\/\/verticaltechnik.ch\/it\/prodotto\/classic-ranch\/","title":{"rendered":"CLASSIC RANCH"},"content":{"rendered":"<p>Onde che fanno la differenza: il Ranch \u00e8 perfetto per resistenza e abilit\u00e0.<\/p>\n<p>La CLASSIC EDITION in compensato marino con superficie di scorrimento in fibra di vetro \u00e8 mobile, leggera e flessibile, adatta a qualsiasi superficie ed evento. Il montaggio, lo smontaggio, la conversione e l&#8217;ampliamento rapidi rendono questa variante particolarmente attraente e personalizzata! <\/p>\n","protected":false},"excerpt":{"rendered":"<p>Onde che fanno la differenza: il Ranch \u00e8 perfetto per resistenza e abilit\u00e0. La CLASSIC EDITION in compensato marino con superficie di scorrimento in fibra di vetro \u00e8 mobile, leggera&#8230;<\/p>\n","protected":false},"featured_media":47677,"template":"","meta":[],"product_brand":[],"product_cat":[12044],"product_tag":[],"class_list":{"0":"post-50654","1":"product","2":"type-product","3":"status-publish","4":"has-post-thumbnail","6":"product_cat-classic-edition","8":"first","9":"instock","10":"shipping-taxable","11":"purchasable","12":"product-type-simple"},"_links":{"self":[{"href":"https:\/\/verticaltechnik.ch\/it\/wp-json\/wp\/v2\/product\/50654","targetHints":{"allow":["GET"]}}],"collection":[{"href":"https:\/\/verticaltechnik.ch\/it\/wp-json\/wp\/v2\/product"}],"about":[{"href":"https:\/\/verticaltechnik.ch\/it\/wp-json\/wp\/v2\/types\/product"}],"wp:featuredmedia":[{"embeddable":true,"href":"https:\/\/verticaltechnik.ch\/it\/wp-json\/wp\/v2\/media\/47677"}],"wp:attachment":[{"href":"https:\/\/verticaltechnik.ch\/it\/wp-json\/wp\/v2\/media?parent=50654"}],"wp:term":[{"taxonomy":"product_brand","embeddable":true,"href":"https:\/\/verticaltechnik.ch\/it\/wp-json\/wp\/v2\/product_brand?post=50654"},{"taxonomy":"product_cat","embeddable":true,"href":"https:\/\/verticaltechnik.ch\/it\/wp-json\/wp\/v2\/product_cat?post=50654"},{"taxonomy":"product_tag","embeddable":true,"href":"https:\/\/verticaltechnik.ch\/it\/wp-json\/wp\/v2\/product_tag?post=50654"}],"curies":[{"name":"wp","href":"https:\/\/api.w.org\/{rel}","templated":true}]}}