{"id":51026,"date":"2025-08-28T10:48:35","date_gmt":"2025-08-28T10:48:35","guid":{"rendered":"https:\/\/newvt.verticaltechnik.ch\/product\/combo-tavolo-da-wheelie-in-granito-300-500-plo\/"},"modified":"2025-08-28T10:48:35","modified_gmt":"2025-08-28T10:48:35","slug":"combo-tavolo-da-wheelie-in-granito-300-500-plo","status":"publish","type":"product","link":"https:\/\/verticaltechnik.ch\/it\/prodotto\/combo-tavolo-da-wheelie-in-granito-300-500-plo\/","title":{"rendered":"Combo tavolo da wheelie in granito 300\/500 PLO"},"content":{"rendered":"<p>Questo modulo \u00e8 composto da due box sui quali si pu\u00f2 saltare con un ollie. Sulla superficie si eseguono trick come i wheelie (mantenere l&#8217;equilibrio su due ruote). Da un wheelie si possono derivare innumerevoli variazioni, che si aggiungono durante la discesa, come ad esempio un flip a 360\u00b0 (rotazione dello skateboard di 360\u00b0 sull&#8217;asse longitudinale) per poi atterrare di nuovo. Questo modulo offre molte possibilit\u00e0 per essere creativi. \u00c8 un modulo base molto popolare in uno skatepark. Se c&#8217;\u00e8 abbastanza spazio, dovrebbero essere disponibili diverse altezze per offrire diversi livelli di difficolt\u00e0.     <\/p>\n","protected":false},"excerpt":{"rendered":"<p>Questo modulo \u00e8 composto da due box sui quali si pu\u00f2 saltare con un ollie. Sulla superficie si eseguono trick come i wheelie (mantenere l&#8217;equilibrio su due ruote). Da un&#8230;<\/p>\n","protected":false},"featured_media":42419,"template":"","meta":[],"product_brand":[],"product_cat":[11901],"product_tag":[],"class_list":{"0":"post-51026","1":"product","2":"type-product","3":"status-publish","4":"has-post-thumbnail","6":"product_cat-tabelle","8":"first","9":"instock","10":"shipping-taxable","11":"purchasable","12":"product-type-simple"},"_links":{"self":[{"href":"https:\/\/verticaltechnik.ch\/it\/wp-json\/wp\/v2\/product\/51026","targetHints":{"allow":["GET"]}}],"collection":[{"href":"https:\/\/verticaltechnik.ch\/it\/wp-json\/wp\/v2\/product"}],"about":[{"href":"https:\/\/verticaltechnik.ch\/it\/wp-json\/wp\/v2\/types\/product"}],"wp:featuredmedia":[{"embeddable":true,"href":"https:\/\/verticaltechnik.ch\/it\/wp-json\/wp\/v2\/media\/42419"}],"wp:attachment":[{"href":"https:\/\/verticaltechnik.ch\/it\/wp-json\/wp\/v2\/media?parent=51026"}],"wp:term":[{"taxonomy":"product_brand","embeddable":true,"href":"https:\/\/verticaltechnik.ch\/it\/wp-json\/wp\/v2\/product_brand?post=51026"},{"taxonomy":"product_cat","embeddable":true,"href":"https:\/\/verticaltechnik.ch\/it\/wp-json\/wp\/v2\/product_cat?post=51026"},{"taxonomy":"product_tag","embeddable":true,"href":"https:\/\/verticaltechnik.ch\/it\/wp-json\/wp\/v2\/product_tag?post=51026"}],"curies":[{"name":"wp","href":"https:\/\/api.w.org\/{rel}","templated":true}]}}