{"id":51032,"date":"2025-08-28T10:48:33","date_gmt":"2025-08-28T10:48:33","guid":{"rendered":"https:\/\/newvt.verticaltechnik.ch\/product\/supporto-per-pannello-informativo-70x100-tubo-quadrato\/"},"modified":"2025-08-28T10:48:33","modified_gmt":"2025-08-28T10:48:33","slug":"supporto-per-pannello-informativo-70x100-tubo-quadrato","status":"publish","type":"product","link":"https:\/\/verticaltechnik.ch\/it\/prodotto\/supporto-per-pannello-informativo-70x100-tubo-quadrato\/","title":{"rendered":"Supporto per pannello informativo 70&#215;100 (tubo quadrato)"},"content":{"rendered":"<p>Questo supporto in acciaio zincato pu\u00f2 essere installato in qualsiasi luogo su asfalto o su terreno erboso. In questo modo pu\u00f2 essere posizionato direttamente nell&#8217;area d&#8217;ingresso dove sar\u00e0 visto da ogni utente. Questo prodotto \u00e8 compatibile con K00699, K00702, K00703.  <\/p>\n","protected":false},"excerpt":{"rendered":"<p>Questo supporto in acciaio zincato pu\u00f2 essere installato in qualsiasi luogo su asfalto o su terreno erboso. In questo modo pu\u00f2 essere posizionato direttamente nell&#8217;area d&#8217;ingresso dove sar\u00e0 visto da&#8230;<\/p>\n","protected":false},"featured_media":42427,"template":"","meta":[],"product_brand":[],"product_cat":[11955],"product_tag":[],"class_list":{"0":"post-51032","1":"product","2":"type-product","3":"status-publish","4":"has-post-thumbnail","6":"product_cat-segnaletica","8":"first","9":"instock","10":"shipping-taxable","11":"purchasable","12":"product-type-simple"},"_links":{"self":[{"href":"https:\/\/verticaltechnik.ch\/it\/wp-json\/wp\/v2\/product\/51032","targetHints":{"allow":["GET"]}}],"collection":[{"href":"https:\/\/verticaltechnik.ch\/it\/wp-json\/wp\/v2\/product"}],"about":[{"href":"https:\/\/verticaltechnik.ch\/it\/wp-json\/wp\/v2\/types\/product"}],"wp:featuredmedia":[{"embeddable":true,"href":"https:\/\/verticaltechnik.ch\/it\/wp-json\/wp\/v2\/media\/42427"}],"wp:attachment":[{"href":"https:\/\/verticaltechnik.ch\/it\/wp-json\/wp\/v2\/media?parent=51032"}],"wp:term":[{"taxonomy":"product_brand","embeddable":true,"href":"https:\/\/verticaltechnik.ch\/it\/wp-json\/wp\/v2\/product_brand?post=51032"},{"taxonomy":"product_cat","embeddable":true,"href":"https:\/\/verticaltechnik.ch\/it\/wp-json\/wp\/v2\/product_cat?post=51032"},{"taxonomy":"product_tag","embeddable":true,"href":"https:\/\/verticaltechnik.ch\/it\/wp-json\/wp\/v2\/product_tag?post=51032"}],"curies":[{"name":"wp","href":"https:\/\/api.w.org\/{rel}","templated":true}]}}