{"id":51080,"date":"2025-08-28T09:35:26","date_gmt":"2025-08-28T09:35:26","guid":{"rendered":"https:\/\/newvt.verticaltechnik.ch\/product\/tubo-rettangolare-per-tetto-a-binario-3m-2\/"},"modified":"2026-02-04T10:46:53","modified_gmt":"2026-02-04T10:46:53","slug":"tubo-rettangolare-per-tetto-a-binario-3m-2","status":"publish","type":"product","link":"https:\/\/verticaltechnik.ch\/it\/prodotto\/tubo-rettangolare-per-tetto-a-binario-3m-2\/","title":{"rendered":"Tubo rettangolare per tetto a binario 3m"},"content":{"rendered":"<p>Un rail o railslide si usa per saltare sul rail con un ollie e scivolare su di esso. I grind o gli slide si eseguono posizionando lo skateboard longitudinalmente o trasversalmente alla rotaia. Sul modulo si possono eseguire migliaia di trick e variazioni. Da un semplice boardslide a una combinazione di pi\u00f9 trick, tutto \u00e8 possibile. Il railslide \u00e8 un modulo di base di cui nessuno skate park dovrebbe fare a meno. Funziona per tutti i livelli di difficolt\u00e0.     <\/p>\n","protected":false},"excerpt":{"rendered":"<p>Un rail o railslide si usa per saltare sul rail con un ollie e scivolare su di esso. I grind o gli slide si eseguono posizionando lo skateboard longitudinalmente o&#8230;<\/p>\n","protected":false},"featured_media":45387,"template":"","meta":[],"product_brand":[],"product_cat":[12009],"product_tag":[],"class_list":{"0":"post-51080","1":"product","2":"type-product","3":"status-publish","4":"has-post-thumbnail","6":"product_cat-rail-roof","8":"first","9":"instock","10":"shipping-taxable","11":"purchasable","12":"product-type-simple"},"_links":{"self":[{"href":"https:\/\/verticaltechnik.ch\/it\/wp-json\/wp\/v2\/product\/51080","targetHints":{"allow":["GET"]}}],"collection":[{"href":"https:\/\/verticaltechnik.ch\/it\/wp-json\/wp\/v2\/product"}],"about":[{"href":"https:\/\/verticaltechnik.ch\/it\/wp-json\/wp\/v2\/types\/product"}],"wp:featuredmedia":[{"embeddable":true,"href":"https:\/\/verticaltechnik.ch\/it\/wp-json\/wp\/v2\/media\/45387"}],"wp:attachment":[{"href":"https:\/\/verticaltechnik.ch\/it\/wp-json\/wp\/v2\/media?parent=51080"}],"wp:term":[{"taxonomy":"product_brand","embeddable":true,"href":"https:\/\/verticaltechnik.ch\/it\/wp-json\/wp\/v2\/product_brand?post=51080"},{"taxonomy":"product_cat","embeddable":true,"href":"https:\/\/verticaltechnik.ch\/it\/wp-json\/wp\/v2\/product_cat?post=51080"},{"taxonomy":"product_tag","embeddable":true,"href":"https:\/\/verticaltechnik.ch\/it\/wp-json\/wp\/v2\/product_tag?post=51080"}],"curies":[{"name":"wp","href":"https:\/\/api.w.org\/{rel}","templated":true}]}}