{"id":51116,"date":"2025-08-28T09:34:18","date_gmt":"2025-08-28T09:34:18","guid":{"rendered":"https:\/\/newvt.verticaltechnik.ch\/product\/granite-rail-spine\/"},"modified":"2025-08-28T09:34:18","modified_gmt":"2025-08-28T09:34:18","slug":"granite-rail-spine","status":"publish","type":"product","link":"https:\/\/verticaltechnik.ch\/it\/product\/granite-rail-spine\/","title":{"rendered":"Granite Rail Spine"},"content":{"rendered":"<p>Su una Rail Spine si eseguono grind o slide posizionando lo skateboard trasversalmente o longitudinalmente rispetto al bordo superiore. Con la combinazione Rail Spine \u00e8 possibile eseguire molti trick e varianti sul modulo. \u00c8 un modulo base e funziona per tutti i livelli di difficolt\u00e0.  <\/p>\n","protected":false},"excerpt":{"rendered":"<p>Su una Rail Spine si eseguono grind o slide posizionando lo skateboard trasversalmente o longitudinalmente rispetto al bordo superiore. Con la combinazione Rail Spine \u00e8 possibile eseguire molti trick e&#8230;<\/p>\n","protected":false},"featured_media":45443,"template":"","meta":[],"product_brand":[],"product_cat":[12274],"product_tag":[],"class_list":{"0":"post-51116","1":"product","2":"type-product","3":"status-publish","4":"has-post-thumbnail","6":"product_cat-spina-dorsale","8":"first","9":"instock","10":"shipping-taxable","11":"purchasable","12":"product-type-simple"},"_links":{"self":[{"href":"https:\/\/verticaltechnik.ch\/it\/wp-json\/wp\/v2\/product\/51116","targetHints":{"allow":["GET"]}}],"collection":[{"href":"https:\/\/verticaltechnik.ch\/it\/wp-json\/wp\/v2\/product"}],"about":[{"href":"https:\/\/verticaltechnik.ch\/it\/wp-json\/wp\/v2\/types\/product"}],"wp:featuredmedia":[{"embeddable":true,"href":"https:\/\/verticaltechnik.ch\/it\/wp-json\/wp\/v2\/media\/45443"}],"wp:attachment":[{"href":"https:\/\/verticaltechnik.ch\/it\/wp-json\/wp\/v2\/media?parent=51116"}],"wp:term":[{"taxonomy":"product_brand","embeddable":true,"href":"https:\/\/verticaltechnik.ch\/it\/wp-json\/wp\/v2\/product_brand?post=51116"},{"taxonomy":"product_cat","embeddable":true,"href":"https:\/\/verticaltechnik.ch\/it\/wp-json\/wp\/v2\/product_cat?post=51116"},{"taxonomy":"product_tag","embeddable":true,"href":"https:\/\/verticaltechnik.ch\/it\/wp-json\/wp\/v2\/product_tag?post=51116"}],"curies":[{"name":"wp","href":"https:\/\/api.w.org\/{rel}","templated":true}]}}