{"id":51132,"date":"2025-08-28T09:41:09","date_gmt":"2025-08-28T09:41:09","guid":{"rendered":"https:\/\/newvt.verticaltechnik.ch\/product\/double-steps-bank-400-650-2400-28-x-3m\/"},"modified":"2026-02-04T13:36:38","modified_gmt":"2026-02-04T13:36:38","slug":"double-steps-bank-400-650-2400-28-x-3m","status":"publish","type":"product","link":"https:\/\/verticaltechnik.ch\/it\/prodotto\/double-steps-bank-400-650-2400-28-x-3m\/","title":{"rendered":"Double Steps Bank 400 650 2400 28\u00b0 x 3m"},"content":{"rendered":"<p>Una Double Steps Bank \u00e8 una combinazione di un doppio gradino con un piano inclinato. Ci si possono fare tailslide, boardslide e grind. \u00c8 interessante perch\u00e9 si possono fare molte combinazioni di trick.   <\/p>\n","protected":false},"excerpt":{"rendered":"<p>Una Double Steps Bank \u00e8 una combinazione di un doppio gradino con un piano inclinato. Ci si possono fare tailslide, boardslide e grind. \u00c8 interessante perch\u00e9 si possono fare molte&#8230;<\/p>\n","protected":false},"featured_media":45119,"template":"","meta":[],"product_brand":[],"product_cat":[11841],"product_tag":[],"class_list":{"0":"post-51132","1":"product","2":"type-product","3":"status-publish","4":"has-post-thumbnail","6":"product_cat-double-steps-con-bank-28","8":"first","9":"instock","10":"shipping-taxable","11":"purchasable","12":"product-type-simple"},"_links":{"self":[{"href":"https:\/\/verticaltechnik.ch\/it\/wp-json\/wp\/v2\/product\/51132","targetHints":{"allow":["GET"]}}],"collection":[{"href":"https:\/\/verticaltechnik.ch\/it\/wp-json\/wp\/v2\/product"}],"about":[{"href":"https:\/\/verticaltechnik.ch\/it\/wp-json\/wp\/v2\/types\/product"}],"wp:featuredmedia":[{"embeddable":true,"href":"https:\/\/verticaltechnik.ch\/it\/wp-json\/wp\/v2\/media\/45119"}],"wp:attachment":[{"href":"https:\/\/verticaltechnik.ch\/it\/wp-json\/wp\/v2\/media?parent=51132"}],"wp:term":[{"taxonomy":"product_brand","embeddable":true,"href":"https:\/\/verticaltechnik.ch\/it\/wp-json\/wp\/v2\/product_brand?post=51132"},{"taxonomy":"product_cat","embeddable":true,"href":"https:\/\/verticaltechnik.ch\/it\/wp-json\/wp\/v2\/product_cat?post=51132"},{"taxonomy":"product_tag","embeddable":true,"href":"https:\/\/verticaltechnik.ch\/it\/wp-json\/wp\/v2\/product_tag?post=51132"}],"curies":[{"name":"wp","href":"https:\/\/api.w.org\/{rel}","templated":true}]}}