{"id":51262,"date":"2025-08-28T09:56:24","date_gmt":"2025-08-28T09:56:24","guid":{"rendered":"https:\/\/newvt.verticaltechnik.ch\/product\/roof-ledge-600-4m\/"},"modified":"2025-08-28T09:56:24","modified_gmt":"2025-08-28T09:56:24","slug":"roof-ledge-600-4m","status":"publish","type":"product","link":"https:\/\/verticaltechnik.ch\/it\/prodotto\/roof-ledge-600-4m\/","title":{"rendered":"Roof Ledge 600 4m"},"content":{"rendered":"<p>Questo modulo \u00e8 composto da una box su cui si pu\u00f2 saltare con un ollie. Sulla superficie si eseguono soprattutto flip trick. Si possono ricavare innumerevoli variazioni, come ad esempio un flip a 360\u00b0 (rotazione dello skateboard di 360\u00b0 sull&#8217;asse longitudinale) per poi atterrare di nuovo. Questo modulo offre molte possibilit\u00e0 per essere creativi. \u00c8 un modulo base molto popolare in uno skatepark. Funziona per tutti i livelli di difficolt\u00e0. Questo prodotto \u00e8 compatibile con K00126.      <\/p>\n","protected":false},"excerpt":{"rendered":"<p>Questo modulo \u00e8 composto da una box su cui si pu\u00f2 saltare con un ollie. Sulla superficie si eseguono soprattutto flip trick. Si possono ricavare innumerevoli variazioni, come ad esempio&#8230;<\/p>\n","protected":false},"featured_media":44403,"template":"","meta":[],"product_brand":[],"product_cat":[12111],"product_tag":[],"class_list":{"0":"post-51262","1":"product","2":"type-product","3":"status-publish","4":"has-post-thumbnail","6":"product_cat-cornice-del-tetto","8":"first","9":"instock","10":"shipping-taxable","11":"purchasable","12":"product-type-simple"},"_links":{"self":[{"href":"https:\/\/verticaltechnik.ch\/it\/wp-json\/wp\/v2\/product\/51262","targetHints":{"allow":["GET"]}}],"collection":[{"href":"https:\/\/verticaltechnik.ch\/it\/wp-json\/wp\/v2\/product"}],"about":[{"href":"https:\/\/verticaltechnik.ch\/it\/wp-json\/wp\/v2\/types\/product"}],"wp:featuredmedia":[{"embeddable":true,"href":"https:\/\/verticaltechnik.ch\/it\/wp-json\/wp\/v2\/media\/44403"}],"wp:attachment":[{"href":"https:\/\/verticaltechnik.ch\/it\/wp-json\/wp\/v2\/media?parent=51262"}],"wp:term":[{"taxonomy":"product_brand","embeddable":true,"href":"https:\/\/verticaltechnik.ch\/it\/wp-json\/wp\/v2\/product_brand?post=51262"},{"taxonomy":"product_cat","embeddable":true,"href":"https:\/\/verticaltechnik.ch\/it\/wp-json\/wp\/v2\/product_cat?post=51262"},{"taxonomy":"product_tag","embeddable":true,"href":"https:\/\/verticaltechnik.ch\/it\/wp-json\/wp\/v2\/product_tag?post=51262"}],"curies":[{"name":"wp","href":"https:\/\/api.w.org\/{rel}","templated":true}]}}