{"id":51337,"date":"2025-08-28T09:55:17","date_gmt":"2025-08-28T09:55:17","guid":{"rendered":"https:\/\/newvt.verticaltechnik.ch\/product\/roof-box-600-pyramide-a-2-lati\/"},"modified":"2025-08-28T09:55:17","modified_gmt":"2025-08-28T09:55:17","slug":"roof-box-600-pyramide-a-2-lati","status":"publish","type":"product","link":"https:\/\/verticaltechnik.ch\/it\/prodotto\/roof-box-600-pyramide-a-2-lati\/","title":{"rendered":"Roof Box 600 Pyramide a 2 lati"},"content":{"rendered":"<p>La piramide a 2 lati \u00e8 un&#8217;estensione di una Roof Box. \u00c8 chiusa su due lati e si pu\u00f2 accedere da entrambi i lati. Si pu\u00f2 saltare l&#8217;angolo ed eseguire trick come Kick Flips to Fakie, cambiando cos\u00ec la direzione di marcia di 90\u00b0. Tuttavia, si pu\u00f2 anche saltare direttamente su un muro o un rail. Questo prodotto \u00e8 compatibile con<br \/>\nK00128 Roof Box 600 1.32m<br \/>\nK00132 Roof Box 600 2.4m.     <\/p>\n","protected":false},"excerpt":{"rendered":"<p>La piramide a 2 lati \u00e8 un&#8217;estensione di una Roof Box. \u00c8 chiusa su due lati e si pu\u00f2 accedere da entrambi i lati. Si pu\u00f2 saltare l&#8217;angolo ed eseguire&#8230;<\/p>\n","protected":false},"featured_media":44455,"template":"","meta":[],"product_brand":[],"product_cat":[12117],"product_tag":[],"class_list":{"0":"post-51337","1":"product","2":"type-product","3":"status-publish","4":"has-post-thumbnail","6":"product_cat-modulo-box-da-tetto-600","8":"first","9":"instock","10":"shipping-taxable","11":"purchasable","12":"product-type-simple"},"_links":{"self":[{"href":"https:\/\/verticaltechnik.ch\/it\/wp-json\/wp\/v2\/product\/51337","targetHints":{"allow":["GET"]}}],"collection":[{"href":"https:\/\/verticaltechnik.ch\/it\/wp-json\/wp\/v2\/product"}],"about":[{"href":"https:\/\/verticaltechnik.ch\/it\/wp-json\/wp\/v2\/types\/product"}],"wp:featuredmedia":[{"embeddable":true,"href":"https:\/\/verticaltechnik.ch\/it\/wp-json\/wp\/v2\/media\/44455"}],"wp:attachment":[{"href":"https:\/\/verticaltechnik.ch\/it\/wp-json\/wp\/v2\/media?parent=51337"}],"wp:term":[{"taxonomy":"product_brand","embeddable":true,"href":"https:\/\/verticaltechnik.ch\/it\/wp-json\/wp\/v2\/product_brand?post=51337"},{"taxonomy":"product_cat","embeddable":true,"href":"https:\/\/verticaltechnik.ch\/it\/wp-json\/wp\/v2\/product_cat?post=51337"},{"taxonomy":"product_tag","embeddable":true,"href":"https:\/\/verticaltechnik.ch\/it\/wp-json\/wp\/v2\/product_tag?post=51337"}],"curies":[{"name":"wp","href":"https:\/\/api.w.org\/{rel}","templated":true}]}}