{"id":51466,"date":"2025-08-28T10:08:37","date_gmt":"2025-08-28T10:08:37","guid":{"rendered":"https:\/\/newvt.verticaltechnik.ch\/product\/left-extension-500-1-5m\/"},"modified":"2025-08-28T10:08:37","modified_gmt":"2025-08-28T10:08:37","slug":"left-extension-500-1-5m","status":"publish","type":"product","link":"https:\/\/verticaltechnik.ch\/it\/prodotto\/left-extension-500-1-5m\/","title":{"rendered":"Left Extension 500 1.5m"},"content":{"rendered":"<p>Un&#8217;estensione \u00e8 un innalzamento della piattaforma di una microrampa, minirampa o halfpipe. Serve a prendere pi\u00f9 slancio e a creare un grado di difficolt\u00e0 maggiore per certi trick. Con l&#8217;installazione di un&#8217;estensione, \u00e8 necessario un innalzamento della ringhiera. Questo prodotto \u00e8 compatibile con K00344.   <\/p>\n","protected":false},"excerpt":{"rendered":"<p>Un&#8217;estensione \u00e8 un innalzamento della piattaforma di una microrampa, minirampa o halfpipe. Serve a prendere pi\u00f9 slancio e a creare un grado di difficolt\u00e0 maggiore per certi trick. Con l&#8217;installazione&#8230;<\/p>\n","protected":false},"featured_media":43803,"template":"","meta":[],"product_brand":[],"product_cat":[12125],"product_tag":[],"class_list":{"0":"post-51466","1":"product","2":"type-product","3":"status-publish","4":"has-post-thumbnail","6":"product_cat-estensione","8":"first","9":"instock","10":"shipping-taxable","11":"purchasable","12":"product-type-simple"},"_links":{"self":[{"href":"https:\/\/verticaltechnik.ch\/it\/wp-json\/wp\/v2\/product\/51466","targetHints":{"allow":["GET"]}}],"collection":[{"href":"https:\/\/verticaltechnik.ch\/it\/wp-json\/wp\/v2\/product"}],"about":[{"href":"https:\/\/verticaltechnik.ch\/it\/wp-json\/wp\/v2\/types\/product"}],"wp:featuredmedia":[{"embeddable":true,"href":"https:\/\/verticaltechnik.ch\/it\/wp-json\/wp\/v2\/media\/43803"}],"wp:attachment":[{"href":"https:\/\/verticaltechnik.ch\/it\/wp-json\/wp\/v2\/media?parent=51466"}],"wp:term":[{"taxonomy":"product_brand","embeddable":true,"href":"https:\/\/verticaltechnik.ch\/it\/wp-json\/wp\/v2\/product_brand?post=51466"},{"taxonomy":"product_cat","embeddable":true,"href":"https:\/\/verticaltechnik.ch\/it\/wp-json\/wp\/v2\/product_cat?post=51466"},{"taxonomy":"product_tag","embeddable":true,"href":"https:\/\/verticaltechnik.ch\/it\/wp-json\/wp\/v2\/product_tag?post=51466"}],"curies":[{"name":"wp","href":"https:\/\/api.w.org\/{rel}","templated":true}]}}