{"id":51510,"date":"2025-08-28T10:32:08","date_gmt":"2025-08-28T10:32:08","guid":{"rendered":"https:\/\/newvt.verticaltechnik.ch\/product\/fioriera-con-bordo-in-granito\/"},"modified":"2026-03-17T14:01:16","modified_gmt":"2026-03-17T14:01:16","slug":"fioriera-con-bordo-in-granito","status":"publish","type":"product","link":"https:\/\/verticaltechnik.ch\/it\/product\/fioriera-con-bordo-in-granito\/","title":{"rendered":"Fioriera con bordo in granito"},"content":{"rendered":"<p>Arredo urbano per skater e zone di incontro<\/p>\n<p>Questa versatile fioriera unisce design funzionale e stile di vita urbano. Non funge solo da elegante contenitore per piante, ma anche da elemento per skater e da seduta con funzione di ombra. Si prega di notare che la consegna non include le piante.<br \/>\nLa struttura di base \u00e8 costituita da una robusta costruzione a telaio in acciaio saldato e zincato, rivestita con lamiera d&#8217;acciaio resistente.<br \/>\nIl bordo in granito, utilizzato dagli skater, \u00e8 realizzato in granito lucido di 50 mm di spessore. Grazie alla sua superficie liscia e alle ideali propriet\u00e0 di scorrimento, \u00e8 estremamente popolare tra gli skater.<br \/>\n\u00c8 perfetto per trick come tailslide, noseslide o grind in svariate combinazioni. Durante l&#8217;utilizzo, offre un&#8217;ottima sensazione e un controllo preciso della tavola, il che lo rende un vero punto di forza negli spazi urbani e negli skatepark.    <\/p>\n","protected":false},"excerpt":{"rendered":"<p>Arredo urbano per skater e zone di incontro Questa versatile fioriera unisce design funzionale e stile di vita urbano. Non funge solo da elegante contenitore per piante, ma anche da&#8230;<\/p>\n","protected":false},"featured_media":42727,"template":"","meta":[],"product_brand":[],"product_cat":[12334,11892,11897],"product_tag":[],"class_list":{"0":"post-51510","1":"product","2":"type-product","3":"status-publish","4":"has-post-thumbnail","6":"product_cat-arredo-urbano","7":"product_cat-cordoli","8":"product_cat-cordoli-2","10":"first","11":"instock","12":"shipping-taxable","13":"purchasable","14":"product-type-simple"},"_links":{"self":[{"href":"https:\/\/verticaltechnik.ch\/it\/wp-json\/wp\/v2\/product\/51510","targetHints":{"allow":["GET"]}}],"collection":[{"href":"https:\/\/verticaltechnik.ch\/it\/wp-json\/wp\/v2\/product"}],"about":[{"href":"https:\/\/verticaltechnik.ch\/it\/wp-json\/wp\/v2\/types\/product"}],"wp:featuredmedia":[{"embeddable":true,"href":"https:\/\/verticaltechnik.ch\/it\/wp-json\/wp\/v2\/media\/42727"}],"wp:attachment":[{"href":"https:\/\/verticaltechnik.ch\/it\/wp-json\/wp\/v2\/media?parent=51510"}],"wp:term":[{"taxonomy":"product_brand","embeddable":true,"href":"https:\/\/verticaltechnik.ch\/it\/wp-json\/wp\/v2\/product_brand?post=51510"},{"taxonomy":"product_cat","embeddable":true,"href":"https:\/\/verticaltechnik.ch\/it\/wp-json\/wp\/v2\/product_cat?post=51510"},{"taxonomy":"product_tag","embeddable":true,"href":"https:\/\/verticaltechnik.ch\/it\/wp-json\/wp\/v2\/product_tag?post=51510"}],"curies":[{"name":"wp","href":"https:\/\/api.w.org\/{rel}","templated":true}]}}