{"id":51661,"date":"2025-08-28T11:01:03","date_gmt":"2025-08-28T11:01:03","guid":{"rendered":"https:\/\/newvt.verticaltechnik.ch\/product\/classic-world-cup\/"},"modified":"2025-08-28T11:01:03","modified_gmt":"2025-08-28T11:01:03","slug":"classic-world-cup","status":"publish","type":"product","link":"https:\/\/verticaltechnik.ch\/it\/prodotto\/classic-world-cup\/","title":{"rendered":"CLASSIC WORLD CUP"},"content":{"rendered":"<p>Il World Cup \u00e8 uno dei layout di pumptrack modulari pi\u00f9 popolari.<\/p>\n<p>La CLASSIC EDITION in compensato marino con superficie di scorrimento in fibra di vetro \u00e8 mobile, leggera e flessibile, adatta a qualsiasi superficie ed evento. Il montaggio, lo smontaggio, la conversione e l&#8217;ampliamento rapidi rendono questa variante particolarmente attraente e personalizzata! <\/p>\n","protected":false},"excerpt":{"rendered":"<p>Il World Cup \u00e8 uno dei layout di pumptrack modulari pi\u00f9 popolari. La CLASSIC EDITION in compensato marino con superficie di scorrimento in fibra di vetro \u00e8 mobile, leggera e&#8230;<\/p>\n","protected":false},"featured_media":47701,"template":"","meta":[],"product_brand":[],"product_cat":[12044],"product_tag":[],"class_list":{"0":"post-51661","1":"product","2":"type-product","3":"status-publish","4":"has-post-thumbnail","6":"product_cat-classic-edition","8":"first","9":"instock","10":"shipping-taxable","11":"purchasable","12":"product-type-simple"},"_links":{"self":[{"href":"https:\/\/verticaltechnik.ch\/it\/wp-json\/wp\/v2\/product\/51661","targetHints":{"allow":["GET"]}}],"collection":[{"href":"https:\/\/verticaltechnik.ch\/it\/wp-json\/wp\/v2\/product"}],"about":[{"href":"https:\/\/verticaltechnik.ch\/it\/wp-json\/wp\/v2\/types\/product"}],"wp:featuredmedia":[{"embeddable":true,"href":"https:\/\/verticaltechnik.ch\/it\/wp-json\/wp\/v2\/media\/47701"}],"wp:attachment":[{"href":"https:\/\/verticaltechnik.ch\/it\/wp-json\/wp\/v2\/media?parent=51661"}],"wp:term":[{"taxonomy":"product_brand","embeddable":true,"href":"https:\/\/verticaltechnik.ch\/it\/wp-json\/wp\/v2\/product_brand?post=51661"},{"taxonomy":"product_cat","embeddable":true,"href":"https:\/\/verticaltechnik.ch\/it\/wp-json\/wp\/v2\/product_cat?post=51661"},{"taxonomy":"product_tag","embeddable":true,"href":"https:\/\/verticaltechnik.ch\/it\/wp-json\/wp\/v2\/product_tag?post=51661"}],"curies":[{"name":"wp","href":"https:\/\/api.w.org\/{rel}","templated":true}]}}